{"id":2,"date":"2018-08-20T10:27:23","date_gmt":"2018-08-20T07:27:23","guid":{"rendered":"http:\/\/epkh.fi\/epkhfi\/?page_id=2"},"modified":"2024-12-04T19:35:43","modified_gmt":"2024-12-04T17:35:43","slug":"esimerkkisivu","status":"publish","type":"page","link":"https:\/\/epkh.fi\/epkhfi\/","title":{"rendered":"Etusivu"},"content":{"rendered":"<p>EP:n Kiinteist\u00f6huolto Oy tarjoaa asunto-osakeyhti\u00f6ille ja liikekiinteist\u00f6ille laadukasta kiinteist\u00f6huoltopalveluita Sein\u00e4joen alueella. Me hoidamme asiakkaidemme piha-alueet kaikkina vuodenaikoina, huolehdimme kiinteist\u00f6jen tekniset ty\u00f6t ja pienimuotoiset korjausty\u00f6t. Meilt\u00e4 my\u00f6s koneelliset lumity\u00f6t ja nurmileikkaukset yms. puutarhaty\u00f6t.<\/p>\n<p>Poliisihallitus<strong> on my\u00f6nt\u00e4nyt EP:n Kiinteist\u00f6huolto Oy:lle turvallisuusalan elinkeinoluvan 27.5.2022. Luvan numero on TU\/2022\/7088.<\/strong>\u00a0Turvallisuusalan elinkeinolupa tarvitaan mm. lukon korjaukseen, huoltoon ja asennukseen liittyviin t\u00f6ihin. Esimerkkin\u00e4 lukkorungon, avainpes\u00e4n, painikkeen, v\u00e4\u00e4nt\u00f6nupin tms. lukkokomponentin vaihto sek\u00e4 ty\u00f6t, joissa avainpes\u00e4n joutuu avaamaan. Lis\u00e4\u00e4 turvallisuusalan elinkeinoluvasta sek\u00e4 yritykset, joille lupa on my\u00f6nnetty, l\u00f6ytyy <a href=\"https:\/\/poliisi.fi\/turvallisuusalan-elinkeinolupa\">poliisin sivuilta<\/a>.<\/p>\n<p>Hyv\u00e4\u00e4 yrit\u00e4mme \u2013 priimaa pukkaa tulemaan.<\/p>\n<p>Mottomme onkin: tyytyv\u00e4inen asiakas on paras asiakas. Ja niin ne ovat!<\/p>\n<p>Jos laadukas kiinteist\u00f6huolto her\u00e4tt\u00e4\u00e4 kiinnostusta, ota yhteys <strong>Samuli Ahtolaan<\/strong>, puh. 046 922 2032 \/ samuli@epkh.fi<\/p>\n<p>Tervetuloa palveltavaksemme!<\/p>\n","protected":false},"excerpt":{"rendered":"<p>EP:n Kiinteist\u00f6huolto Oy tarjoaa asunto-osakeyhti\u00f6ille ja liikekiinteist\u00f6ille laadukasta kiinteist\u00f6huoltopalveluita Sein\u00e4joen alueella. Me hoidamme asiakkaidemme piha-alueet kaikkina vuodenaikoina, huolehdimme kiinteist\u00f6jen tekniset ty\u00f6t ja pienimuotoiset korjausty\u00f6t. Meilt\u00e4 my\u00f6s koneelliset lumity\u00f6t ja nurmileikkaukset yms. puutarhaty\u00f6t. Poliisihallitus on my\u00f6nt\u00e4nyt EP:n Kiinteist\u00f6huolto Oy:lle turvallisuusalan elinkeinoluvan 27.5.2022. Luvan numero on TU\/2022\/7088.\u00a0Turvallisuusalan elinkeinolupa tarvitaan mm. lukon korjaukseen, huoltoon ja asennukseen liittyviin t\u00f6ihin. &hellip; <a href=\"https:\/\/epkh.fi\/epkhfi\/\" class=\"more-link\">Continue reading <span class=\"screen-reader-text\">Etusivu<\/span><\/a><\/p>\n","protected":false},"author":2,"featured_media":0,"parent":0,"menu_order":0,"comment_status":"closed","ping_status":"open","template":"","meta":{"footnotes":""},"class_list":["post-2","page","type-page","status-publish","hentry"],"_links":{"self":[{"href":"https:\/\/epkh.fi\/epkhfi\/wp-json\/wp\/v2\/pages\/2","targetHints":{"allow":["GET"]}}],"collection":[{"href":"https:\/\/epkh.fi\/epkhfi\/wp-json\/wp\/v2\/pages"}],"about":[{"href":"https:\/\/epkh.fi\/epkhfi\/wp-json\/wp\/v2\/types\/page"}],"author":[{"embeddable":true,"href":"https:\/\/epkh.fi\/epkhfi\/wp-json\/wp\/v2\/users\/2"}],"replies":[{"embeddable":true,"href":"https:\/\/epkh.fi\/epkhfi\/wp-json\/wp\/v2\/comments?post=2"}],"version-history":[{"count":7,"href":"https:\/\/epkh.fi\/epkhfi\/wp-json\/wp\/v2\/pages\/2\/revisions"}],"predecessor-version":[{"id":176,"href":"https:\/\/epkh.fi\/epkhfi\/wp-json\/wp\/v2\/pages\/2\/revisions\/176"}],"wp:attachment":[{"href":"https:\/\/epkh.fi\/epkhfi\/wp-json\/wp\/v2\/media?parent=2"}],"curies":[{"name":"wp","href":"https:\/\/api.w.org\/{rel}","templated":true}]}}